{"id":20,"date":"2013-01-23T08:24:48","date_gmt":"2013-01-23T08:24:48","guid":{"rendered":"http:\/\/aztlanfund.org.mx\/\/?page_id=20"},"modified":"2013-01-23T08:24:48","modified_gmt":"2013-01-23T08:24:48","slug":"promociones","status":"publish","type":"page","link":"https:\/\/aztlanfund.org.mx\/index.php\/promociones\/","title":{"rendered":"Promociones"},"content":{"rendered":"<p>Pre-ordena nuestras pr\u00f3ximas publicaciones a trav\u00e9s de nuestros medios electr\u00f3nicos y obt\u00e9n un 10% de descuento.<\/p>\n<p>&nbsp;<\/p>\n<p><em><span style=\"background-color: #ffffff;\" title=\"Pre-ordena nuestras pr\u00f3ximas publicaciones a trav\u00e9s de nuestros medios electr\u00f3nicos y obt\u00e9n un 10% de descuento.&lt;br \/&gt; &lt;br&gt;\">Pre-order our upcoming publications through our electronic media and get a 10% discount.<\/span><\/em><\/p>\n","protected":false},"excerpt":{"rendered":"<p>Pre-ordena nuestras pr\u00f3ximas publicaciones a trav\u00e9s de nuestros medios electr\u00f3nicos y obt\u00e9n un 10% de descuento. &nbsp; Pre-order our upcoming publications through our electronic media and get a 10% discount. <a class=\"continue-reading-link\" href=\"https:\/\/aztlanfund.org.mx\/index.php\/promociones\/\">Saber m\u00e1s&#8230;<\/a><\/p>\n","protected":false},"author":1,"featured_media":0,"parent":0,"menu_order":6,"comment_status":"closed","ping_status":"open","template":"","meta":{"footnotes":""},"class_list":["post-20","page","type-page","status-publish","hentry"],"_links":{"self":[{"href":"https:\/\/aztlanfund.org.mx\/index.php\/wp-json\/wp\/v2\/pages\/20","targetHints":{"allow":["GET"]}}],"collection":[{"href":"https:\/\/aztlanfund.org.mx\/index.php\/wp-json\/wp\/v2\/pages"}],"about":[{"href":"https:\/\/aztlanfund.org.mx\/index.php\/wp-json\/wp\/v2\/types\/page"}],"author":[{"embeddable":true,"href":"https:\/\/aztlanfund.org.mx\/index.php\/wp-json\/wp\/v2\/users\/1"}],"replies":[{"embeddable":true,"href":"https:\/\/aztlanfund.org.mx\/index.php\/wp-json\/wp\/v2\/comments?post=20"}],"version-history":[{"count":0,"href":"https:\/\/aztlanfund.org.mx\/index.php\/wp-json\/wp\/v2\/pages\/20\/revisions"}],"wp:attachment":[{"href":"https:\/\/aztlanfund.org.mx\/index.php\/wp-json\/wp\/v2\/media?parent=20"}],"curies":[{"name":"wp","href":"https:\/\/api.w.org\/{rel}","templated":true}]}}