{"id":283,"date":"2014-08-02T02:39:42","date_gmt":"2014-08-02T02:39:42","guid":{"rendered":"http:\/\/aztlanfund.org.mx\/\/?page_id=283"},"modified":"2014-08-02T02:39:42","modified_gmt":"2014-08-02T02:39:42","slug":"aztlan-en-los-medios","status":"publish","type":"page","link":"https:\/\/aztlanfund.org.mx\/index.php\/aztlan-en-los-medios\/","title":{"rendered":"Aztl\u00e1n en los medios"},"content":{"rendered":"<p><strong><em>OTORGAN PREMIO DE PERIODISMO WALTER REUTER, AL PROGRAMA \u201cEXPEDICI\u00d3N PUNITIVA DE FRANCISCO VILLA\u201d<\/em><\/strong><\/p>\n<p>\u201cExpedici\u00f3n punitiva de Francisco Villa\u201d, de la serie Di\u00e1logo Jur\u00eddico, espacio radiof\u00f3nico de la Facultad de Derecho (FD ) de esta casa de estudios, que se transmiti\u00f3 el pasado 21 de enero de 2013, por el 860 de Amplitud Modulada de Radio UNAM, recibi\u00f3 el S\u00e9ptimo Premio de Periodismo Alem\u00e1n <em>Walter Reuter<\/em>.<br \/>\n[cryout-button-dark url=\u00bbhttp:\/\/www.dgcs.unam.mx\/boletin\/bdboletin\/2013_728.html\u00bb]Ver m\u00e1s[\/cryout-button-dark]<\/p>\n<hr \/>\n<p><strong><em>PROGRAMA DE RADIO DE LA\u00a0 UNAM OBTIENE EL PREMIO DE PERIODISMO\u00a0 WALTER REUTER<\/em><br \/>\n<\/strong>El programa tuvo como panelistas a Tom\u00e1s Villa, nieto del general Francisco Villa, antrop\u00f3logo, arque\u00f3logo, historiador e investigador; Carlos Mayer, historiador; Andy Correa Montejo, productor, investigador y documentalista, as\u00ed como a Armando Ruiz Aguilar, documentalista, investigador y autor del libro Nosotros los hombres ignorantes que hacemos la guerra: Correspondencia entre Francisco Villa y Emiliano Zapata.<br \/>\n[cryout-button-dark url=\u00bbhttp:\/\/www.proceso.com.mx\/?p=359773&#8243;]Ver M\u00e1s[\/cryout-button-dark]<\/p>\n<hr \/>\n<p><strong><em>ABANDERAMIENTO DE LA BANDA DE GAITAS Y TAMBORES<br \/>\n<\/em><\/strong><br \/>\nLa fundaci\u00f3n: \u00abAZTLAN FUND CHAPER MEXICO\u00bb entreg\u00f3 una replica de la Bandera del H. Batall\u00f3n de San Patricio en la explanada del MUSEO NACIONAL DE LAS INTERVENCIONES, (Ex Convento de Churubusco, lugar d\u00f3nde el 20 de Agosto de 1847, los soldados irlandeses de M\u00e9xico al lado del ejercito mexicano enfrentaron al ejercito invasor de los EE UU)<br \/>\n[cryout-button-dark url=\u00bbhttp:\/\/domhan-ceilteach.blogspot.mx\/2013\/02\/abanderamiento-de-la-banda-de-gaitas-y.html\u00bb]Ver M\u00e1s[\/cryout-button-dark]<\/p>\n<hr \/>\n<p><em><strong>EL ANTROP\u00d3LOGO TOM\u00c1S VILLA VISITA CHIUAHUA, PARA CONOCER EL LUGAR DONDE MUERE SU ABUELO. EL GRL. FCO. VILLA<br \/>\n<\/strong><\/em><br \/>\nUno de los problemas de M\u00e9xico es la falta de difusi\u00f3n e informaci\u00f3n precisa de nuestra historia, como la intervenci\u00f3n norteamericana y la visi\u00f3n del otro lado de la frontera de los conflictos y que aqu\u00ed est\u00e1n olvidados, por lo que est\u00e1n trabajando en ese aspecto.<br \/>\n[cryout-button-dark url=\u00bbhttp:\/\/laopcion.com.mx\/noticia\/43985&#8243;]Ver M\u00e1s[\/cryout-button-dark]<\/p>\n<hr \/>\n","protected":false},"excerpt":{"rendered":"<p>OTORGAN PREMIO DE PERIODISMO WALTER REUTER, AL PROGRAMA \u201cEXPEDICI\u00d3N PUNITIVA DE FRANCISCO VILLA\u201d \u201cExpedici\u00f3n punitiva de Francisco Villa\u201d, de la serie Di\u00e1logo Jur\u00eddico, espacio radiof\u00f3nico de la Facultad de Derecho&#8230; <a class=\"continue-reading-link\" href=\"https:\/\/aztlanfund.org.mx\/index.php\/aztlan-en-los-medios\/\">Saber m\u00e1s&#8230;<\/a><\/p>\n","protected":false},"author":2,"featured_media":0,"parent":0,"menu_order":0,"comment_status":"closed","ping_status":"closed","template":"","meta":{"footnotes":""},"class_list":["post-283","page","type-page","status-publish","hentry"],"_links":{"self":[{"href":"https:\/\/aztlanfund.org.mx\/index.php\/wp-json\/wp\/v2\/pages\/283","targetHints":{"allow":["GET"]}}],"collection":[{"href":"https:\/\/aztlanfund.org.mx\/index.php\/wp-json\/wp\/v2\/pages"}],"about":[{"href":"https:\/\/aztlanfund.org.mx\/index.php\/wp-json\/wp\/v2\/types\/page"}],"author":[{"embeddable":true,"href":"https:\/\/aztlanfund.org.mx\/index.php\/wp-json\/wp\/v2\/users\/2"}],"replies":[{"embeddable":true,"href":"https:\/\/aztlanfund.org.mx\/index.php\/wp-json\/wp\/v2\/comments?post=283"}],"version-history":[{"count":0,"href":"https:\/\/aztlanfund.org.mx\/index.php\/wp-json\/wp\/v2\/pages\/283\/revisions"}],"wp:attachment":[{"href":"https:\/\/aztlanfund.org.mx\/index.php\/wp-json\/wp\/v2\/media?parent=283"}],"curies":[{"name":"wp","href":"https:\/\/api.w.org\/{rel}","templated":true}]}}