{"id":362,"date":"2013-01-21T18:23:31","date_gmt":"2013-01-21T18:23:31","guid":{"rendered":"http:\/\/aztlanfund.org.mx\/\/?page_id=2"},"modified":"2022-02-22T04:50:38","modified_gmt":"2022-02-22T03:50:38","slug":"quienes-somos","status":"publish","type":"page","link":"https:\/\/aztlanfund.org.mx\/index.php\/quienes-somos\/","title":{"rendered":"Qui\u00e9nes somos"},"content":{"rendered":"<p><img loading=\"lazy\" decoding=\"async\" class=\"size-full wp-image-187 alignleft\" src=\"https:\/\/aztlanfund.org.mx\/wp-content\/uploads\/2014\/04\/inicio.jpg\" alt=\"\" width=\"323\" height=\"483\" srcset=\"https:\/\/aztlanfund.org.mx\/wp-content\/uploads\/2014\/04\/inicio.jpg 323w, https:\/\/aztlanfund.org.mx\/wp-content\/uploads\/2014\/04\/inicio-201x300.jpg 201w\" sizes=\"auto, (max-width: 323px) 100vw, 323px\" \/> Aztl\u00e1n Cultura A.C. es una organizaci\u00f3n no gubernamental dedicada a la investigaci\u00f3n y difusi\u00f3n del patrimonio cultural e hist\u00f3rico de M\u00e9xico y del mundo.<\/p>\n<p><strong>Who we are:<\/strong><br \/>\nAztlan Cultura A.C. is a non-governmental organization dedicated to the research and dissemination of cultural and historical heritage of Mexico and the world.<\/p>\n","protected":false},"excerpt":{"rendered":"<p>Aztl\u00e1n Cultura A.C. es una organizaci\u00f3n no gubernamental dedicada a la investigaci\u00f3n y difusi\u00f3n del patrimonio cultural e hist\u00f3rico de M\u00e9xico y del mundo. Who we are: Aztlan Cultura A.C&#8230;. <a class=\"continue-reading-link\" href=\"https:\/\/aztlanfund.org.mx\/index.php\/quienes-somos\/\">Saber m\u00e1s&#8230;<\/a><\/p>\n","protected":false},"author":1,"featured_media":0,"parent":0,"menu_order":1,"comment_status":"closed","ping_status":"closed","template":"","meta":{"footnotes":""},"class_list":["post-362","page","type-page","status-publish","hentry"],"_links":{"self":[{"href":"https:\/\/aztlanfund.org.mx\/index.php\/wp-json\/wp\/v2\/pages\/362","targetHints":{"allow":["GET"]}}],"collection":[{"href":"https:\/\/aztlanfund.org.mx\/index.php\/wp-json\/wp\/v2\/pages"}],"about":[{"href":"https:\/\/aztlanfund.org.mx\/index.php\/wp-json\/wp\/v2\/types\/page"}],"author":[{"embeddable":true,"href":"https:\/\/aztlanfund.org.mx\/index.php\/wp-json\/wp\/v2\/users\/1"}],"replies":[{"embeddable":true,"href":"https:\/\/aztlanfund.org.mx\/index.php\/wp-json\/wp\/v2\/comments?post=362"}],"version-history":[{"count":2,"href":"https:\/\/aztlanfund.org.mx\/index.php\/wp-json\/wp\/v2\/pages\/362\/revisions"}],"predecessor-version":[{"id":429,"href":"https:\/\/aztlanfund.org.mx\/index.php\/wp-json\/wp\/v2\/pages\/362\/revisions\/429"}],"wp:attachment":[{"href":"https:\/\/aztlanfund.org.mx\/index.php\/wp-json\/wp\/v2\/media?parent=362"}],"curies":[{"name":"wp","href":"https:\/\/api.w.org\/{rel}","templated":true}]}}