{"id":58,"date":"2013-02-07T01:34:41","date_gmt":"2013-02-07T01:34:41","guid":{"rendered":"http:\/\/aztlanfund.org.mx\/\/?page_id=58"},"modified":"2013-02-07T01:34:41","modified_gmt":"2013-02-07T01:34:41","slug":"aztlan-fund-usa","status":"publish","type":"page","link":"https:\/\/aztlanfund.org.mx\/index.php\/quienes-somos\/aztlan-fund-usa\/","title":{"rendered":"Misi\u00f3n"},"content":{"rendered":"<p style=\"margin-bottom: 0cm;\"><span lang=\"es-ES\">Apoyar la creaci\u00f3n, desarrollo y difusi\u00f3n de la Historia y Cultura, a trav\u00e9s de la aplicaci\u00f3n de metodolog\u00edas objetivas en los proyectos y programas que se ejecuten, reforzando la identidad de nuestro pa\u00eds.<\/p>\n<p><\/span><\/p>\n<h1><span lang=\"en-US\"><i><b>Mission:<\/b><\/i><\/span><\/h1>\n<p style=\"margin-bottom: 0cm;\"><span lang=\"en-US\"><i>Support the creation, development and dissemination of History and Culture, through the application of objective methodologies in projects and programs to be implemented, reinforcing the identity of our country.<\/i><\/span><\/p>\n<p>&nbsp;<\/p>\n","protected":false},"excerpt":{"rendered":"<p>Apoyar la creaci\u00f3n, desarrollo y difusi\u00f3n de la Historia y Cultura, a trav\u00e9s de la aplicaci\u00f3n de metodolog\u00edas objetivas en los proyectos y programas que se ejecuten, reforzando la identidad&#8230; <a class=\"continue-reading-link\" href=\"https:\/\/aztlanfund.org.mx\/index.php\/quienes-somos\/aztlan-fund-usa\/\">Saber m\u00e1s&#8230;<\/a><\/p>\n","protected":false},"author":1,"featured_media":0,"parent":362,"menu_order":9,"comment_status":"closed","ping_status":"closed","template":"","meta":{"footnotes":""},"class_list":["post-58","page","type-page","status-publish","hentry"],"_links":{"self":[{"href":"https:\/\/aztlanfund.org.mx\/index.php\/wp-json\/wp\/v2\/pages\/58","targetHints":{"allow":["GET"]}}],"collection":[{"href":"https:\/\/aztlanfund.org.mx\/index.php\/wp-json\/wp\/v2\/pages"}],"about":[{"href":"https:\/\/aztlanfund.org.mx\/index.php\/wp-json\/wp\/v2\/types\/page"}],"author":[{"embeddable":true,"href":"https:\/\/aztlanfund.org.mx\/index.php\/wp-json\/wp\/v2\/users\/1"}],"replies":[{"embeddable":true,"href":"https:\/\/aztlanfund.org.mx\/index.php\/wp-json\/wp\/v2\/comments?post=58"}],"version-history":[{"count":0,"href":"https:\/\/aztlanfund.org.mx\/index.php\/wp-json\/wp\/v2\/pages\/58\/revisions"}],"up":[{"embeddable":true,"href":"https:\/\/aztlanfund.org.mx\/index.php\/wp-json\/wp\/v2\/pages\/362"}],"wp:attachment":[{"href":"https:\/\/aztlanfund.org.mx\/index.php\/wp-json\/wp\/v2\/media?parent=58"}],"curies":[{"name":"wp","href":"https:\/\/api.w.org\/{rel}","templated":true}]}}